{"id":247,"date":"2021-04-11T09:40:36","date_gmt":"2021-04-11T12:40:36","guid":{"rendered":"https:\/\/casajotape.com.br\/?page_id=247"},"modified":"2022-10-24T15:21:23","modified_gmt":"2022-10-24T18:21:23","slug":"localizacao","status":"publish","type":"page","link":"https:\/\/casajotape.com.br\/en\/localizacao\/","title":{"rendered":"Location"},"content":{"rendered":"<div data-elementor-type=\"wp-page\" data-elementor-id=\"247\" class=\"elementor elementor-247\" data-elementor-settings=\"[]\">\n\t\t\t\t\t\t\t<div class=\"elementor-section-wrap\">\n\t\t\t\t\t\t\t<section class=\"elementor-section elementor-top-section elementor-element elementor-element-a4f5091 elementor-section-boxed elementor-section-height-default elementor-section-height-default\" data-id=\"a4f5091\" data-element_type=\"section\">\n\t\t\t\t\t\t<div class=\"elementor-container elementor-column-gap-default\">\n\t\t\t\t\t<div class=\"elementor-column elementor-col-50 elementor-top-column elementor-element elementor-element-e001927\" data-id=\"e001927\" data-element_type=\"column\">\n\t\t\t<div class=\"elementor-widget-wrap elementor-element-populated\">\n\t\t\t\t\t\t\t\t<div class=\"elementor-element elementor-element-5cdc903 elementor-widget elementor-widget-google_maps\" data-id=\"5cdc903\" data-element_type=\"widget\" data-widget_type=\"google_maps.default\">\n\t\t\t\t<div class=\"elementor-widget-container\">\n\t\t\t\t\t<div class=\"elementor-custom-embed\">\n\t\t\t<iframe frameborder=\"0\" scrolling=\"no\" marginheight=\"0\" marginwidth=\"0\"\n\t\t\t\t\tsrc=\"https:\/\/maps.google.com\/maps?q=Casa%20JP%2C%20Alfredo%20Wagner%2C%20SC&#038;t=m&#038;z=10&#038;output=embed&#038;iwloc=near\"\n\t\t\t\t\ttitle=\"Casa JP, Alfredo Wagner, SC\"\n\t\t\t\t\taria-label=\"Casa JP, Alfredo Wagner, SC\"\n\t\t\t><\/iframe>\n\t\t<\/div>\n\t\t\t\t<\/div>\n\t\t\t\t<\/div>\n\t\t\t\t\t<\/div>\n\t\t<\/div>\n\t\t\t\t<div class=\"elementor-column elementor-col-50 elementor-top-column elementor-element elementor-element-11829b7\" data-id=\"11829b7\" data-element_type=\"column\">\n\t\t\t<div class=\"elementor-widget-wrap elementor-element-populated\">\n\t\t\t\t\t\t\t\t<div class=\"elementor-element elementor-element-dd9d7a3 elementor-widget elementor-widget-heading\" data-id=\"dd9d7a3\" data-element_type=\"widget\" data-widget_type=\"heading.default\">\n\t\t\t\t<div class=\"elementor-widget-container\">\n\t\t\t<h4 class=\"elementor-heading-title elementor-size-default\">HOW TO GET THERE<\/h4>\t\t<\/div>\n\t\t\t\t<\/div>\n\t\t\t\t<div class=\"elementor-element elementor-element-1589bdd elementor-widget elementor-widget-heading\" data-id=\"1589bdd\" data-element_type=\"widget\" data-widget_type=\"heading.default\">\n\t\t\t\t<div class=\"elementor-widget-container\">\n\t\t\t<h3 class=\"elementor-heading-title elementor-size-default\"><a href=\"https:\/\/g.page\/recanto-jp?gm%20\">The JP House<\/a><\/h3>\t\t<\/div>\n\t\t\t\t<\/div>\n\t\t\t\t<div class=\"elementor-element elementor-element-134ace5 elementor-widget__width-initial elementor-widget elementor-widget-text-editor\" data-id=\"134ace5\" data-element_type=\"widget\" data-widget_type=\"text-editor.default\">\n\t\t\t\t<div class=\"elementor-widget-container\">\n\t\t\t\t\t\t\t<p>Located in the rural area of Alfredo Wagner, about 2h trip from Florian\u00f3polis. Only 6 km from BR-282, direction Rancho Queimado, Bom Retiro, Urubici.<\/p><p><b>Be careful<\/b>! Before arriving, you will descend 100 m of altitude through 800 m of mountainous road to reach the <b>JP House<\/b> \u2013 estamos literalmente no meio de um vale na <strong>Serra Catarinense<\/strong>.\u00a0<\/p>\t\t\t\t\t\t<\/div>\n\t\t\t\t<\/div>\n\t\t\t\t\t<\/div>\n\t\t<\/div>\n\t\t\t\t\t\t\t<\/div>\n\t\t<\/section>\n\t\t\t\t<section class=\"elementor-section elementor-top-section elementor-element elementor-element-5527756 elementor-section-boxed elementor-section-height-default elementor-section-height-default\" data-id=\"5527756\" data-element_type=\"section\">\n\t\t\t\t\t\t<div class=\"elementor-container elementor-column-gap-default\">\n\t\t\t\t\t<div class=\"elementor-column elementor-col-33 elementor-top-column elementor-element elementor-element-5a687c2\" data-id=\"5a687c2\" data-element_type=\"column\">\n\t\t\t<div class=\"elementor-widget-wrap elementor-element-populated\">\n\t\t\t\t\t\t\t\t<div class=\"elementor-element elementor-element-4c1bd13 elementor-widget elementor-widget-heading\" data-id=\"4c1bd13\" data-element_type=\"widget\" data-widget_type=\"heading.default\">\n\t\t\t\t<div class=\"elementor-widget-container\">\n\t\t\t<h3 class=\"elementor-heading-title elementor-size-default\">Rural Tourism<\/h3>\t\t<\/div>\n\t\t\t\t<\/div>\n\t\t\t\t<div class=\"elementor-element elementor-element-45be94c elementor-widget elementor-widget-text-editor\" data-id=\"45be94c\" data-element_type=\"widget\" data-widget_type=\"text-editor.default\">\n\t\t\t\t<div class=\"elementor-widget-container\">\n\t\t\t\t\t\t\t<p><span tabindex=\"-1\">You will find local riches along the way, such as colonial cafes, <strong>Hydrangea Trail<\/strong>, <strong>Archeology Museum of Lomba Alta<\/strong>, <strong>Gruta Po\u00e7o Certo<\/strong> and other local attractions - see the guide we have prepared for you.<br \/><\/span><\/p>\t\t\t\t\t\t<\/div>\n\t\t\t\t<\/div>\n\t\t\t\t\t<\/div>\n\t\t<\/div>\n\t\t\t\t<div class=\"elementor-column elementor-col-33 elementor-top-column elementor-element elementor-element-edc10df\" data-id=\"edc10df\" data-element_type=\"column\">\n\t\t\t<div class=\"elementor-widget-wrap elementor-element-populated\">\n\t\t\t\t\t\t\t\t<div class=\"elementor-element elementor-element-3f5667f elementor-widget elementor-widget-heading\" data-id=\"3f5667f\" data-element_type=\"widget\" data-widget_type=\"heading.default\">\n\t\t\t\t<div class=\"elementor-widget-container\">\n\t\t\t<h3 class=\"elementor-heading-title elementor-size-default\">Neighborhood<\/h3>\t\t<\/div>\n\t\t\t\t<\/div>\n\t\t\t\t<div class=\"elementor-element elementor-element-a86509c elementor-widget elementor-widget-text-editor\" data-id=\"a86509c\" data-element_type=\"widget\" data-widget_type=\"text-editor.default\">\n\t\t\t\t<div class=\"elementor-widget-container\">\n\t\t\t\t\t\t\t<p><span tabindex=\"-1\">The region of <strong>The JP House<\/strong> is inhabited by about 20 cottages within a radius of 2 km, where everyone knows each other, exchanges experiences, and helps each other. We also have a group on WhatsApp to maintain communication.<br \/><\/span><\/p>\t\t\t\t\t\t<\/div>\n\t\t\t\t<\/div>\n\t\t\t\t\t<\/div>\n\t\t<\/div>\n\t\t\t\t<div class=\"elementor-column elementor-col-33 elementor-top-column elementor-element elementor-element-1b356fc\" data-id=\"1b356fc\" data-element_type=\"column\">\n\t\t\t<div class=\"elementor-widget-wrap elementor-element-populated\">\n\t\t\t\t\t\t\t\t<div class=\"elementor-element elementor-element-6249f49 elementor-widget elementor-widget-heading\" data-id=\"6249f49\" data-element_type=\"widget\" data-widget_type=\"heading.default\">\n\t\t\t\t<div class=\"elementor-widget-container\">\n\t\t\t<h3 class=\"elementor-heading-title elementor-size-default\">Off-road (4x4)<\/h3>\t\t<\/div>\n\t\t\t\t<\/div>\n\t\t\t\t<div class=\"elementor-element elementor-element-89a7c42 elementor-widget elementor-widget-text-editor\" data-id=\"89a7c42\" data-element_type=\"widget\" data-widget_type=\"text-editor.default\">\n\t\t\t\t<div class=\"elementor-widget-container\">\n\t\t\t\t\t\t\t<p>Only in a <a href=\"https:\/\/www.instagram.com\/tv\/CLhfE3GAgw4\/?utm_source=ig_web_copy_link\" target=\"_blank\" rel=\"noopener\">800-meter stretch<\/a> mountain, 4\u00d74 cars are recommended for rainy days and\/or drivers inexperienced in this type of terrain.<\/p>\t\t\t\t\t\t<\/div>\n\t\t\t\t<\/div>\n\t\t\t\t\t<\/div>\n\t\t<\/div>\n\t\t\t\t\t\t\t<\/div>\n\t\t<\/section>\n\t\t\t\t<section class=\"elementor-section elementor-top-section elementor-element elementor-element-ed9b03d elementor-section-boxed elementor-section-height-default elementor-section-height-default\" data-id=\"ed9b03d\" data-element_type=\"section\">\n\t\t\t\t\t\t<div class=\"elementor-container elementor-column-gap-default\">\n\t\t\t\t\t<div class=\"elementor-column elementor-col-100 elementor-top-column elementor-element elementor-element-5ca888f\" data-id=\"5ca888f\" data-element_type=\"column\">\n\t\t\t<div class=\"elementor-widget-wrap elementor-element-populated\">\n\t\t\t\t\t\t\t\t<div class=\"elementor-element elementor-element-463f411 elementor-aspect-ratio-169 elementor-widget elementor-widget-video\" data-id=\"463f411\" data-element_type=\"widget\" data-settings=\"{&quot;youtube_url&quot;:&quot;https:\\\/\\\/youtu.be\\\/S3UK9Dlm8Wk&quot;,&quot;video_type&quot;:&quot;youtube&quot;,&quot;controls&quot;:&quot;yes&quot;,&quot;aspect_ratio&quot;:&quot;169&quot;}\" data-widget_type=\"video.default\">\n\t\t\t\t<div class=\"elementor-widget-container\">\n\t\t\t\t\t<div class=\"elementor-wrapper elementor-fit-aspect-ratio elementor-open-inline\">\n\t\t\t<div class=\"elementor-video\"><\/div>\t\t<\/div>\n\t\t\t\t<\/div>\n\t\t\t\t<\/div>\n\t\t\t\t<div class=\"elementor-element elementor-element-ba60966 elementor-widget elementor-widget-spacer\" data-id=\"ba60966\" data-element_type=\"widget\" data-widget_type=\"spacer.default\">\n\t\t\t\t<div class=\"elementor-widget-container\">\n\t\t\t\t\t<div class=\"elementor-spacer\">\n\t\t\t<div class=\"elementor-spacer-inner\"><\/div>\n\t\t<\/div>\n\t\t\t\t<\/div>\n\t\t\t\t<\/div>\n\t\t\t\t<div class=\"elementor-element elementor-element-ff34d05 elementor-widget elementor-widget-text-editor\" data-id=\"ff34d05\" data-element_type=\"widget\" data-widget_type=\"text-editor.default\">\n\t\t\t\t<div class=\"elementor-widget-container\">\n\t\t\t\t\t\t\t<p>Mapa Tur\u00edstico de Alfredo Wagner\/SC \u2013 saiba onde a <strong>The JP House<\/strong> est\u00e1 no circuito.<\/p>\t\t\t\t\t\t<\/div>\n\t\t\t\t<\/div>\n\t\t\t\t\t<\/div>\n\t\t<\/div>\n\t\t\t\t\t\t\t<\/div>\n\t\t<\/section>\n\t\t\t\t<section class=\"elementor-section elementor-top-section elementor-element elementor-element-f8b03db elementor-section-boxed elementor-section-height-default elementor-section-height-default\" data-id=\"f8b03db\" data-element_type=\"section\">\n\t\t\t\t\t\t<div class=\"elementor-container elementor-column-gap-default\">\n\t\t\t\t\t<div class=\"elementor-column elementor-col-100 elementor-top-column elementor-element elementor-element-578ed64\" data-id=\"578ed64\" data-element_type=\"column\">\n\t\t\t<div class=\"elementor-widget-wrap elementor-element-populated\">\n\t\t\t\t\t\t\t\t<div class=\"elementor-element elementor-element-c19bab0 elementor-widget elementor-widget-image\" data-id=\"c19bab0\" data-element_type=\"widget\" data-widget_type=\"image.default\">\n\t\t\t\t<div class=\"elementor-widget-container\">\n\t\t\t\t\t\t\t\t\t\t\t\t<figure class=\"wp-caption\">\n\t\t\t\t\t\t\t\t\t\t\t<a href=\"https:\/\/goo.gl\/maps\/ZBTrcPHkfAcgdWMk8\">\n\t\t\t\t\t\t\t<img width=\"1074\" height=\"750\" src=\"https:\/\/casajotape.com.br\/wp-content\/uploads\/2022\/10\/Mapa-pousadas-AW.png\" class=\"attachment-1536x1536 size-1536x1536\" alt=\"\" srcset=\"https:\/\/casajotape.com.br\/wp-content\/uploads\/2022\/10\/Mapa-pousadas-AW.png 1074w, https:\/\/casajotape.com.br\/wp-content\/uploads\/2022\/10\/Mapa-pousadas-AW-300x209.png 300w, https:\/\/casajotape.com.br\/wp-content\/uploads\/2022\/10\/Mapa-pousadas-AW-1024x715.png 1024w, https:\/\/casajotape.com.br\/wp-content\/uploads\/2022\/10\/Mapa-pousadas-AW-768x536.png 768w, https:\/\/casajotape.com.br\/wp-content\/uploads\/2022\/10\/Mapa-pousadas-AW-18x12.png 18w, https:\/\/casajotape.com.br\/wp-content\/uploads\/2022\/10\/Mapa-pousadas-AW-600x419.png 600w\" sizes=\"(max-width: 1074px) 100vw, 1074px\" \/>\t\t\t\t\t\t\t\t<\/a>\n\t\t\t\t\t\t\t\t\t\t\t<figcaption class=\"widget-image-caption wp-caption-text\">The most difficult paths are those that take you to the best places \u2013 B\u00e1rbara Cor\u00e9<\/figcaption>\n\t\t\t\t\t\t\t\t\t\t<\/figure>\n\t\t\t\t\t\t\t\t\t<\/div>\n\t\t\t\t<\/div>\n\t\t\t\t\t<\/div>\n\t\t<\/div>\n\t\t\t\t\t\t\t<\/div>\n\t\t<\/section>\n\t\t\t\t\t\t<\/div>\n\t\t\t\t\t<\/div>","protected":false},"excerpt":{"rendered":"<p>COMO CHEGAR CASA JP Localizada na zona rural de Alfredo Wagner, cerca de 2h de viagem de Florian\u00f3polis. Apenas 6 km da BR-282, sentido Rancho Queimado, Bom Retiro, Urubici. Tome cuidado! Antes de chegar, voc\u00ea descer\u00e1 100 m de altitude por 800 m de estrada montanhosa para chegar na Casa JP \u2013 estamos literalmente no &hellip;<\/p>\n<p class=\"read-more\"> <a class=\"\" href=\"https:\/\/casajotape.com.br\/en\/localizacao\/\"> <span class=\"screen-reader-text\">Location<\/span> Read More &raquo;<\/a><\/p>","protected":false},"author":9,"featured_media":0,"parent":0,"menu_order":0,"comment_status":"closed","ping_status":"closed","template":"","meta":[],"yoast_head":"<!-- This site is optimized with the Yoast SEO plugin v17.5 - https:\/\/yoast.com\/wordpress\/plugins\/seo\/ -->\n<title>Localiza\u00e7\u00e3o &ndash; Casa JP<\/title>\n<meta name=\"robots\" content=\"index, follow, max-snippet:-1, max-image-preview:large, max-video-preview:-1\" \/>\n<link rel=\"canonical\" href=\"https:\/\/casajotape.com.br\/en\/localizacao\/\" \/>\n<meta property=\"og:locale\" content=\"en_US\" \/>\n<meta property=\"og:type\" content=\"article\" \/>\n<meta property=\"og:title\" content=\"Localiza\u00e7\u00e3o &ndash; Casa JP\" \/>\n<meta property=\"og:description\" content=\"COMO CHEGAR CASA JP Localizada na zona rural de Alfredo Wagner, cerca de 2h de viagem de Florian\u00f3polis. Apenas 6 km da BR-282, sentido Rancho Queimado, Bom Retiro, Urubici. Tome cuidado! Antes de chegar, voc\u00ea descer\u00e1 100 m de altitude por 800 m de estrada montanhosa para chegar na Casa JP \u2013 estamos literalmente no &hellip; Localiza\u00e7\u00e3o Read More &raquo;\" \/>\n<meta property=\"og:url\" content=\"https:\/\/casajotape.com.br\/en\/localizacao\/\" \/>\n<meta property=\"og:site_name\" content=\"Casa JP\" \/>\n<meta property=\"article:modified_time\" content=\"2022-10-24T18:21:23+00:00\" \/>\n<meta property=\"og:image\" content=\"https:\/\/casajotape.com.br\/wp-content\/uploads\/2022\/10\/Mapa-pousadas-AW.png\" \/>\n<meta name=\"twitter:card\" content=\"summary_large_image\" \/>\n<meta name=\"twitter:label1\" content=\"Est. reading time\" \/>\n\t<meta name=\"twitter:data1\" content=\"2 minutes\" \/>\n<script type=\"application\/ld+json\" class=\"yoast-schema-graph\">{\"@context\":\"https:\/\/schema.org\",\"@graph\":[{\"@type\":\"Organization\",\"@id\":\"https:\/\/casajotape.com.br\/#organization\",\"name\":\"Casa JP\",\"url\":\"https:\/\/casajotape.com.br\/\",\"sameAs\":[],\"logo\":{\"@type\":\"ImageObject\",\"@id\":\"https:\/\/casajotape.com.br\/#logo\",\"inLanguage\":\"en-US\",\"url\":\"https:\/\/casajotape.com.br\/wp-content\/uploads\/2021\/05\/logo-manutencao-01.png\",\"contentUrl\":\"https:\/\/casajotape.com.br\/wp-content\/uploads\/2021\/05\/logo-manutencao-01.png\",\"width\":257,\"height\":250,\"caption\":\"Casa JP\"},\"image\":{\"@id\":\"https:\/\/casajotape.com.br\/#logo\"}},{\"@type\":\"WebSite\",\"@id\":\"https:\/\/casajotape.com.br\/#website\",\"url\":\"https:\/\/casajotape.com.br\/\",\"name\":\"Casa JP\",\"description\":\"Ideias inspiradoras e conex\\u00e3o com a natureza.\",\"publisher\":{\"@id\":\"https:\/\/casajotape.com.br\/#organization\"},\"potentialAction\":[{\"@type\":\"SearchAction\",\"target\":{\"@type\":\"EntryPoint\",\"urlTemplate\":\"https:\/\/casajotape.com.br\/?s={search_term_string}\"},\"query-input\":\"required name=search_term_string\"}],\"inLanguage\":\"en-US\"},{\"@type\":\"ImageObject\",\"@id\":\"https:\/\/casajotape.com.br\/localizacao\/#primaryimage\",\"inLanguage\":\"en-US\",\"url\":\"https:\/\/casajotape.com.br\/wp-content\/uploads\/2022\/10\/Mapa-pousadas-AW.png\",\"contentUrl\":\"https:\/\/casajotape.com.br\/wp-content\/uploads\/2022\/10\/Mapa-pousadas-AW.png\",\"width\":1074,\"height\":750},{\"@type\":\"WebPage\",\"@id\":\"https:\/\/casajotape.com.br\/localizacao\/#webpage\",\"url\":\"https:\/\/casajotape.com.br\/localizacao\/\",\"name\":\"Localiza\\u00e7\\u00e3o &ndash; Casa JP\",\"isPartOf\":{\"@id\":\"https:\/\/casajotape.com.br\/#website\"},\"primaryImageOfPage\":{\"@id\":\"https:\/\/casajotape.com.br\/localizacao\/#primaryimage\"},\"datePublished\":\"2021-04-11T12:40:36+00:00\",\"dateModified\":\"2022-10-24T18:21:23+00:00\",\"breadcrumb\":{\"@id\":\"https:\/\/casajotape.com.br\/localizacao\/#breadcrumb\"},\"inLanguage\":\"en-US\",\"potentialAction\":[{\"@type\":\"ReadAction\",\"target\":[\"https:\/\/casajotape.com.br\/localizacao\/\"]}]},{\"@type\":\"BreadcrumbList\",\"@id\":\"https:\/\/casajotape.com.br\/localizacao\/#breadcrumb\",\"itemListElement\":[{\"@type\":\"ListItem\",\"position\":1,\"name\":\"Home\",\"item\":\"https:\/\/casajotape.com.br\/\"},{\"@type\":\"ListItem\",\"position\":2,\"name\":\"Localiza\\u00e7\\u00e3o\"}]}]}<\/script>\n<!-- \/ Yoast SEO plugin. -->","yoast_head_json":{"title":"Localiza\u00e7\u00e3o &ndash; Casa JP","robots":{"index":"index","follow":"follow","max-snippet":"max-snippet:-1","max-image-preview":"max-image-preview:large","max-video-preview":"max-video-preview:-1"},"canonical":"https:\/\/casajotape.com.br\/en\/localizacao\/","og_locale":"en_US","og_type":"article","og_title":"Localiza\u00e7\u00e3o &ndash; Casa JP","og_description":"COMO CHEGAR CASA JP Localizada na zona rural de Alfredo Wagner, cerca de 2h de viagem de Florian\u00f3polis. Apenas 6 km da BR-282, sentido Rancho Queimado, Bom Retiro, Urubici. Tome cuidado! Antes de chegar, voc\u00ea descer\u00e1 100 m de altitude por 800 m de estrada montanhosa para chegar na Casa JP \u2013 estamos literalmente no &hellip; Localiza\u00e7\u00e3o Read More &raquo;","og_url":"https:\/\/casajotape.com.br\/en\/localizacao\/","og_site_name":"Casa JP","article_modified_time":"2022-10-24T18:21:23+00:00","og_image":[{"url":"https:\/\/casajotape.com.br\/wp-content\/uploads\/2022\/10\/Mapa-pousadas-AW.png"}],"twitter_card":"summary_large_image","twitter_misc":{"Est. reading time":"2 minutes"},"schema":{"@context":"https:\/\/schema.org","@graph":[{"@type":"Organization","@id":"https:\/\/casajotape.com.br\/#organization","name":"Casa JP","url":"https:\/\/casajotape.com.br\/","sameAs":[],"logo":{"@type":"ImageObject","@id":"https:\/\/casajotape.com.br\/#logo","inLanguage":"en-US","url":"https:\/\/casajotape.com.br\/wp-content\/uploads\/2021\/05\/logo-manutencao-01.png","contentUrl":"https:\/\/casajotape.com.br\/wp-content\/uploads\/2021\/05\/logo-manutencao-01.png","width":257,"height":250,"caption":"Casa JP"},"image":{"@id":"https:\/\/casajotape.com.br\/#logo"}},{"@type":"WebSite","@id":"https:\/\/casajotape.com.br\/#website","url":"https:\/\/casajotape.com.br\/","name":"Casa JP","description":"Ideias inspiradoras e conex\u00e3o com a natureza.","publisher":{"@id":"https:\/\/casajotape.com.br\/#organization"},"potentialAction":[{"@type":"SearchAction","target":{"@type":"EntryPoint","urlTemplate":"https:\/\/casajotape.com.br\/?s={search_term_string}"},"query-input":"required name=search_term_string"}],"inLanguage":"en-US"},{"@type":"ImageObject","@id":"https:\/\/casajotape.com.br\/localizacao\/#primaryimage","inLanguage":"en-US","url":"https:\/\/casajotape.com.br\/wp-content\/uploads\/2022\/10\/Mapa-pousadas-AW.png","contentUrl":"https:\/\/casajotape.com.br\/wp-content\/uploads\/2022\/10\/Mapa-pousadas-AW.png","width":1074,"height":750},{"@type":"WebPage","@id":"https:\/\/casajotape.com.br\/localizacao\/#webpage","url":"https:\/\/casajotape.com.br\/localizacao\/","name":"Localiza\u00e7\u00e3o &ndash; Casa JP","isPartOf":{"@id":"https:\/\/casajotape.com.br\/#website"},"primaryImageOfPage":{"@id":"https:\/\/casajotape.com.br\/localizacao\/#primaryimage"},"datePublished":"2021-04-11T12:40:36+00:00","dateModified":"2022-10-24T18:21:23+00:00","breadcrumb":{"@id":"https:\/\/casajotape.com.br\/localizacao\/#breadcrumb"},"inLanguage":"en-US","potentialAction":[{"@type":"ReadAction","target":["https:\/\/casajotape.com.br\/localizacao\/"]}]},{"@type":"BreadcrumbList","@id":"https:\/\/casajotape.com.br\/localizacao\/#breadcrumb","itemListElement":[{"@type":"ListItem","position":1,"name":"Home","item":"https:\/\/casajotape.com.br\/"},{"@type":"ListItem","position":2,"name":"Localiza\u00e7\u00e3o"}]}]}},"_links":{"self":[{"href":"https:\/\/casajotape.com.br\/en\/wp-json\/wp\/v2\/pages\/247"}],"collection":[{"href":"https:\/\/casajotape.com.br\/en\/wp-json\/wp\/v2\/pages"}],"about":[{"href":"https:\/\/casajotape.com.br\/en\/wp-json\/wp\/v2\/types\/page"}],"author":[{"embeddable":true,"href":"https:\/\/casajotape.com.br\/en\/wp-json\/wp\/v2\/users\/9"}],"replies":[{"embeddable":true,"href":"https:\/\/casajotape.com.br\/en\/wp-json\/wp\/v2\/comments?post=247"}],"version-history":[{"count":74,"href":"https:\/\/casajotape.com.br\/en\/wp-json\/wp\/v2\/pages\/247\/revisions"}],"predecessor-version":[{"id":1816,"href":"https:\/\/casajotape.com.br\/en\/wp-json\/wp\/v2\/pages\/247\/revisions\/1816"}],"wp:attachment":[{"href":"https:\/\/casajotape.com.br\/en\/wp-json\/wp\/v2\/media?parent=247"}],"curies":[{"name":"wp","href":"https:\/\/api.w.org\/{rel}","templated":true}]}}